{"id":51,"date":"2024-10-24T13:08:25","date_gmt":"2024-10-24T13:08:25","guid":{"rendered":"https:\/\/remodelingexperts.org\/?page_id=51"},"modified":"2025-02-05T12:28:20","modified_gmt":"2025-02-05T12:28:20","slug":"renovation","status":"publish","type":"page","link":"https:\/\/remodelingexperts.org\/es\/renovation\/","title":{"rendered":"RENOVACI\u00d3N"},"content":{"rendered":"<div data-elementor-type=\"wp-page\" data-elementor-id=\"51\" class=\"elementor elementor-51\">\n\t\t\t\t<div class=\"elementor-element elementor-element-cc1dca1 e-flex e-con-boxed e-con e-parent\" data-id=\"cc1dca1\" data-element_type=\"container\" data-settings=\"{&quot;background_background&quot;:&quot;classic&quot;}\">\n\t\t\t\t\t<div class=\"e-con-inner\">\n\t\t\t\t<div class=\"elementor-element elementor-element-ae3329e elementor-widget elementor-widget-heading\" data-id=\"ae3329e\" data-element_type=\"widget\" data-widget_type=\"heading.default\">\n\t\t\t\t<div class=\"elementor-widget-container\">\n\t\t\t\t\t<h2 class=\"elementor-heading-title elementor-size-default\">SERVICIOS DE RENOVACI\u00d3N<\/h2>\t\t\t\t<\/div>\n\t\t\t\t<\/div>\n\t\t\t\t<div class=\"elementor-element elementor-element-04ec12c elementor-widget elementor-widget-heading\" data-id=\"04ec12c\" data-element_type=\"widget\" data-widget_type=\"heading.default\">\n\t\t\t\t<div class=\"elementor-widget-container\">\n\t\t\t\t\t<div class=\"elementor-heading-title elementor-size-default\">Mejoras cosm\u00e9ticas, reparaci\u00f3n estructural, actualizaci\u00f3n de sistemas, adici\u00f3n o eliminaci\u00f3n de espacio, mejoras exteriores, mejoraremos la estructura, distribuci\u00f3n o dise\u00f1o de su hogar para hacerlo m\u00e1s funcional.<\/div>\t\t\t\t<\/div>\n\t\t\t\t<\/div>\n\t\t\t\t\t<\/div>\n\t\t\t\t<\/div>\n\t\t<div class=\"elementor-element elementor-element-9b093e4 e-flex e-con-boxed e-con e-parent\" data-id=\"9b093e4\" data-element_type=\"container\">\n\t\t\t\t\t<div class=\"e-con-inner\">\n\t\t<div class=\"elementor-element elementor-element-297e201 e-con-full e-flex e-con e-child\" data-id=\"297e201\" data-element_type=\"container\">\n\t\t\t\t<div class=\"elementor-element elementor-element-cd7524f elementor-widget elementor-widget-heading\" data-id=\"cd7524f\" data-element_type=\"widget\" data-widget_type=\"heading.default\">\n\t\t\t\t<div class=\"elementor-widget-container\">\n\t\t\t\t\t<h3 class=\"elementor-heading-title elementor-size-default\">Renovaciones interiores y exteriores para propiedades residenciales y comerciales<\/h3>\t\t\t\t<\/div>\n\t\t\t\t<\/div>\n\t\t\t\t<\/div>\n\t\t<div class=\"elementor-element elementor-element-607b790 e-con-full e-flex e-con e-child\" data-id=\"607b790\" data-element_type=\"container\">\n\t\t\t\t<div class=\"elementor-element elementor-element-9725d27 elementor-widget elementor-widget-text-editor\" data-id=\"9725d27\" data-element_type=\"widget\" data-widget_type=\"text-editor.default\">\n\t\t\t\t<div class=\"elementor-widget-container\">\n\t\t\t\t\t\t\t\t\t<p>Remodeling Experts es un proveedor l\u00edder de servicios de renovaci\u00f3n de interiores y exteriores\nde viviendas en Orlando, que ofrece servicios que incluyen _____ exteriores como estuco y\nCoolWall, puertas y ventanas, muros de contenci\u00f3n, patios, p\u00e9rgolas y m\u00e1s.<\/p>\t\t\t\t\t\t\t\t<\/div>\n\t\t\t\t<\/div>\n\t\t\t\t<\/div>\n\t\t\t\t\t<\/div>\n\t\t\t\t<\/div>\n\t\t<div class=\"elementor-element elementor-element-cdbc10a e-flex e-con-boxed e-con e-parent\" data-id=\"cdbc10a\" data-element_type=\"container\">\n\t\t\t\t\t<div class=\"e-con-inner\">\n\t\t\t\t<div class=\"elementor-element elementor-element-3877dbf elementor-arrows-position-inside elementor-widget elementor-widget-image-carousel\" data-id=\"3877dbf\" data-element_type=\"widget\" data-settings=\"{&quot;slides_to_show&quot;:&quot;3&quot;,&quot;slides_to_scroll&quot;:&quot;1&quot;,&quot;navigation&quot;:&quot;arrows&quot;,&quot;autoplay&quot;:&quot;yes&quot;,&quot;pause_on_hover&quot;:&quot;yes&quot;,&quot;pause_on_interaction&quot;:&quot;yes&quot;,&quot;autoplay_speed&quot;:5000,&quot;infinite&quot;:&quot;yes&quot;,&quot;speed&quot;:500}\" data-widget_type=\"image-carousel.default\">\n\t\t\t\t<div class=\"elementor-widget-container\">\n\t\t\t\t\t\t\t<div class=\"elementor-image-carousel-wrapper swiper\" role=\"region\" aria-roledescription=\"carousel\" aria-label=\"Image Carousel\" dir=\"ltr\">\n\t\t\t<div class=\"elementor-image-carousel swiper-wrapper\" aria-live=\"off\">\n\t\t\t\t\t\t\t\t<div class=\"swiper-slide\" role=\"group\" aria-roledescription=\"slide\" aria-label=\"1 de 40\"><figure class=\"swiper-slide-inner\"><img decoding=\"async\" class=\"swiper-slide-image\" src=\"https:\/\/remodelingexperts.org\/wp-content\/uploads\/2024\/10\/complete-renovation2-225x300.jpg\" alt=\"complete renovation2\" \/><\/figure><\/div><div class=\"swiper-slide\" role=\"group\" aria-roledescription=\"slide\" aria-label=\"2 de 40\"><figure class=\"swiper-slide-inner\"><img decoding=\"async\" class=\"swiper-slide-image\" src=\"https:\/\/remodelingexperts.org\/wp-content\/uploads\/2024\/10\/complete-renovation3-300x225.jpg\" alt=\"complete renovation3\" \/><\/figure><\/div><div class=\"swiper-slide\" role=\"group\" aria-roledescription=\"slide\" aria-label=\"3 de 40\"><figure class=\"swiper-slide-inner\"><img decoding=\"async\" class=\"swiper-slide-image\" src=\"https:\/\/remodelingexperts.org\/wp-content\/uploads\/2024\/10\/complete-renovation4-300x225.jpg\" alt=\"complete renovation4\" \/><\/figure><\/div><div class=\"swiper-slide\" role=\"group\" aria-roledescription=\"slide\" aria-label=\"4 de 40\"><figure class=\"swiper-slide-inner\"><img decoding=\"async\" class=\"swiper-slide-image\" src=\"https:\/\/remodelingexperts.org\/wp-content\/uploads\/2024\/10\/home-renovation-300x225.jpg\" alt=\"home renovation\" \/><\/figure><\/div><div class=\"swiper-slide\" role=\"group\" aria-roledescription=\"slide\" aria-label=\"5 de 40\"><figure class=\"swiper-slide-inner\"><img decoding=\"async\" class=\"swiper-slide-image\" src=\"https:\/\/remodelingexperts.org\/wp-content\/uploads\/2024\/10\/home-renovation1-300x225.jpg\" alt=\"home renovation1\" \/><\/figure><\/div><div class=\"swiper-slide\" role=\"group\" aria-roledescription=\"slide\" aria-label=\"6 de 40\"><figure class=\"swiper-slide-inner\"><img decoding=\"async\" class=\"swiper-slide-image\" src=\"https:\/\/remodelingexperts.org\/wp-content\/uploads\/2024\/10\/home-renovation3-225x300.jpg\" alt=\"home renovation3\" \/><\/figure><\/div><div class=\"swiper-slide\" role=\"group\" aria-roledescription=\"slide\" aria-label=\"7 de 40\"><figure class=\"swiper-slide-inner\"><img decoding=\"async\" class=\"swiper-slide-image\" src=\"https:\/\/remodelingexperts.org\/wp-content\/uploads\/2024\/10\/home-renovation4-225x300.jpg\" alt=\"home renovation4\" \/><\/figure><\/div><div class=\"swiper-slide\" role=\"group\" aria-roledescription=\"slide\" aria-label=\"8 de 40\"><figure class=\"swiper-slide-inner\"><img decoding=\"async\" class=\"swiper-slide-image\" src=\"https:\/\/remodelingexperts.org\/wp-content\/uploads\/2024\/10\/home-renovation5-225x300.jpg\" alt=\"home renovation5\" \/><\/figure><\/div><div class=\"swiper-slide\" role=\"group\" aria-roledescription=\"slide\" aria-label=\"9 de 40\"><figure class=\"swiper-slide-inner\"><img decoding=\"async\" class=\"swiper-slide-image\" src=\"https:\/\/remodelingexperts.org\/wp-content\/uploads\/2024\/10\/home-renovation6-225x300.jpg\" alt=\"home renovation6\" \/><\/figure><\/div><div class=\"swiper-slide\" role=\"group\" aria-roledescription=\"slide\" aria-label=\"10 de 40\"><figure class=\"swiper-slide-inner\"><img decoding=\"async\" class=\"swiper-slide-image\" src=\"https:\/\/remodelingexperts.org\/wp-content\/uploads\/2024\/10\/complete-renovation-300x225.jpg\" alt=\"complete renovation\" \/><\/figure><\/div><div class=\"swiper-slide\" role=\"group\" aria-roledescription=\"slide\" aria-label=\"11 de 40\"><figure class=\"swiper-slide-inner\"><img decoding=\"async\" class=\"swiper-slide-image\" src=\"https:\/\/remodelingexperts.org\/wp-content\/uploads\/2024\/10\/complete-renovation1-300x225.jpg\" alt=\"complete renovation1\" \/><\/figure><\/div><div class=\"swiper-slide\" role=\"group\" aria-roledescription=\"slide\" aria-label=\"12 de 40\"><figure class=\"swiper-slide-inner\"><img decoding=\"async\" class=\"swiper-slide-image\" src=\"https:\/\/remodelingexperts.org\/wp-content\/uploads\/2024\/10\/office1-225x300.jpg\" alt=\"office1\" \/><\/figure><\/div><div class=\"swiper-slide\" role=\"group\" aria-roledescription=\"slide\" aria-label=\"13 de 40\"><figure class=\"swiper-slide-inner\"><img decoding=\"async\" class=\"swiper-slide-image\" src=\"https:\/\/remodelingexperts.org\/wp-content\/uploads\/2024\/10\/office2-225x300.jpg\" alt=\"office2\" \/><\/figure><\/div><div class=\"swiper-slide\" role=\"group\" aria-roledescription=\"slide\" aria-label=\"14 de 40\"><figure class=\"swiper-slide-inner\"><img decoding=\"async\" class=\"swiper-slide-image\" src=\"https:\/\/remodelingexperts.org\/wp-content\/uploads\/2024\/10\/office3-300x225.jpg\" alt=\"office3\" \/><\/figure><\/div><div class=\"swiper-slide\" role=\"group\" aria-roledescription=\"slide\" aria-label=\"15 de 40\"><figure class=\"swiper-slide-inner\"><img decoding=\"async\" class=\"swiper-slide-image\" src=\"https:\/\/remodelingexperts.org\/wp-content\/uploads\/2024\/10\/office4-300x225.jpg\" alt=\"office4\" \/><\/figure><\/div><div class=\"swiper-slide\" role=\"group\" aria-roledescription=\"slide\" aria-label=\"16 de 40\"><figure class=\"swiper-slide-inner\"><img decoding=\"async\" class=\"swiper-slide-image\" src=\"https:\/\/remodelingexperts.org\/wp-content\/uploads\/2024\/10\/outside1-225x300.jpg\" alt=\"outside1\" \/><\/figure><\/div><div class=\"swiper-slide\" role=\"group\" aria-roledescription=\"slide\" aria-label=\"17 de 40\"><figure class=\"swiper-slide-inner\"><img decoding=\"async\" class=\"swiper-slide-image\" src=\"https:\/\/remodelingexperts.org\/wp-content\/uploads\/2024\/10\/outside2-225x300.jpg\" alt=\"outside2\" \/><\/figure><\/div><div class=\"swiper-slide\" role=\"group\" aria-roledescription=\"slide\" aria-label=\"18 de 40\"><figure class=\"swiper-slide-inner\"><img decoding=\"async\" class=\"swiper-slide-image\" src=\"https:\/\/remodelingexperts.org\/wp-content\/uploads\/2024\/10\/outside3-300x225.jpg\" alt=\"outside3\" \/><\/figure><\/div><div class=\"swiper-slide\" role=\"group\" aria-roledescription=\"slide\" aria-label=\"19 de 40\"><figure class=\"swiper-slide-inner\"><img decoding=\"async\" class=\"swiper-slide-image\" src=\"https:\/\/remodelingexperts.org\/wp-content\/uploads\/2024\/10\/outside4-225x300.jpg\" alt=\"outside4\" \/><\/figure><\/div><div class=\"swiper-slide\" role=\"group\" aria-roledescription=\"slide\" aria-label=\"20 de 40\"><figure class=\"swiper-slide-inner\"><img decoding=\"async\" class=\"swiper-slide-image\" src=\"https:\/\/remodelingexperts.org\/wp-content\/uploads\/2024\/10\/outside5-300x225.jpg\" alt=\"outside5\" \/><\/figure><\/div><div class=\"swiper-slide\" role=\"group\" aria-roledescription=\"slide\" aria-label=\"21 de 40\"><figure class=\"swiper-slide-inner\"><img decoding=\"async\" class=\"swiper-slide-image\" src=\"https:\/\/remodelingexperts.org\/wp-content\/uploads\/2024\/10\/outside6-300x225.jpg\" alt=\"outside6\" \/><\/figure><\/div><div class=\"swiper-slide\" role=\"group\" aria-roledescription=\"slide\" aria-label=\"22 de 40\"><figure class=\"swiper-slide-inner\"><img decoding=\"async\" class=\"swiper-slide-image\" src=\"https:\/\/remodelingexperts.org\/wp-content\/uploads\/2024\/10\/outside7-300x225.jpg\" alt=\"outside7\" \/><\/figure><\/div><div class=\"swiper-slide\" role=\"group\" aria-roledescription=\"slide\" aria-label=\"23 de 40\"><figure class=\"swiper-slide-inner\"><img decoding=\"async\" class=\"swiper-slide-image\" src=\"https:\/\/remodelingexperts.org\/wp-content\/uploads\/2024\/10\/outside8-300x225.jpg\" alt=\"outside8\" \/><\/figure><\/div><div class=\"swiper-slide\" role=\"group\" aria-roledescription=\"slide\" aria-label=\"24 de 40\"><figure class=\"swiper-slide-inner\"><img decoding=\"async\" class=\"swiper-slide-image\" src=\"https:\/\/remodelingexperts.org\/wp-content\/uploads\/2025\/02\/image16-225x300.jpeg\" alt=\"image16\" \/><\/figure><\/div><div class=\"swiper-slide\" role=\"group\" aria-roledescription=\"slide\" aria-label=\"25 de 40\"><figure class=\"swiper-slide-inner\"><img decoding=\"async\" class=\"swiper-slide-image\" src=\"https:\/\/remodelingexperts.org\/wp-content\/uploads\/2025\/02\/image2-225x300.jpeg\" alt=\"image2\" \/><\/figure><\/div><div class=\"swiper-slide\" role=\"group\" aria-roledescription=\"slide\" aria-label=\"26 de 40\"><figure class=\"swiper-slide-inner\"><img decoding=\"async\" class=\"swiper-slide-image\" src=\"https:\/\/remodelingexperts.org\/wp-content\/uploads\/2025\/02\/image0-225x300.jpeg\" alt=\"image0\" \/><\/figure><\/div><div class=\"swiper-slide\" role=\"group\" aria-roledescription=\"slide\" aria-label=\"27 de 40\"><figure class=\"swiper-slide-inner\"><img decoding=\"async\" class=\"swiper-slide-image\" src=\"https:\/\/remodelingexperts.org\/wp-content\/uploads\/2025\/02\/image1-225x300.jpeg\" alt=\"image1\" \/><\/figure><\/div><div class=\"swiper-slide\" role=\"group\" aria-roledescription=\"slide\" aria-label=\"28 de 40\"><figure class=\"swiper-slide-inner\"><img decoding=\"async\" class=\"swiper-slide-image\" src=\"https:\/\/remodelingexperts.org\/wp-content\/uploads\/2025\/02\/image14-225x300.jpeg\" alt=\"image14\" \/><\/figure><\/div><div class=\"swiper-slide\" role=\"group\" aria-roledescription=\"slide\" aria-label=\"29 de 40\"><figure class=\"swiper-slide-inner\"><img decoding=\"async\" class=\"swiper-slide-image\" src=\"https:\/\/remodelingexperts.org\/wp-content\/uploads\/2025\/02\/image13-225x300.jpeg\" alt=\"image13\" \/><\/figure><\/div><div class=\"swiper-slide\" role=\"group\" aria-roledescription=\"slide\" aria-label=\"30 de 40\"><figure class=\"swiper-slide-inner\"><img decoding=\"async\" class=\"swiper-slide-image\" src=\"https:\/\/remodelingexperts.org\/wp-content\/uploads\/2025\/02\/image3-225x300.jpeg\" alt=\"image3\" \/><\/figure><\/div><div class=\"swiper-slide\" role=\"group\" aria-roledescription=\"slide\" aria-label=\"31 de 40\"><figure class=\"swiper-slide-inner\"><img decoding=\"async\" class=\"swiper-slide-image\" src=\"https:\/\/remodelingexperts.org\/wp-content\/uploads\/2025\/02\/image15-225x300.jpeg\" alt=\"image15\" \/><\/figure><\/div><div class=\"swiper-slide\" role=\"group\" aria-roledescription=\"slide\" aria-label=\"32 de 40\"><figure class=\"swiper-slide-inner\"><img decoding=\"async\" class=\"swiper-slide-image\" src=\"https:\/\/remodelingexperts.org\/wp-content\/uploads\/2025\/02\/image7-225x300.jpeg\" alt=\"image7\" \/><\/figure><\/div><div class=\"swiper-slide\" role=\"group\" aria-roledescription=\"slide\" aria-label=\"33 de 40\"><figure class=\"swiper-slide-inner\"><img decoding=\"async\" class=\"swiper-slide-image\" src=\"https:\/\/remodelingexperts.org\/wp-content\/uploads\/2025\/02\/image6-225x300.jpeg\" alt=\"image6\" \/><\/figure><\/div><div class=\"swiper-slide\" role=\"group\" aria-roledescription=\"slide\" aria-label=\"34 de 40\"><figure class=\"swiper-slide-inner\"><img decoding=\"async\" class=\"swiper-slide-image\" src=\"https:\/\/remodelingexperts.org\/wp-content\/uploads\/2025\/02\/image4-225x300.jpeg\" alt=\"image4\" \/><\/figure><\/div><div class=\"swiper-slide\" role=\"group\" aria-roledescription=\"slide\" aria-label=\"35 de 40\"><figure class=\"swiper-slide-inner\"><img decoding=\"async\" class=\"swiper-slide-image\" src=\"https:\/\/remodelingexperts.org\/wp-content\/uploads\/2025\/02\/image5-225x300.jpeg\" alt=\"image5\" \/><\/figure><\/div><div class=\"swiper-slide\" role=\"group\" aria-roledescription=\"slide\" aria-label=\"36 de 40\"><figure class=\"swiper-slide-inner\"><img decoding=\"async\" class=\"swiper-slide-image\" src=\"https:\/\/remodelingexperts.org\/wp-content\/uploads\/2025\/02\/image9-225x300.jpeg\" alt=\"image9\" \/><\/figure><\/div><div class=\"swiper-slide\" role=\"group\" aria-roledescription=\"slide\" aria-label=\"37 de 40\"><figure class=\"swiper-slide-inner\"><img decoding=\"async\" class=\"swiper-slide-image\" src=\"https:\/\/remodelingexperts.org\/wp-content\/uploads\/2025\/02\/image8-225x300.jpeg\" alt=\"image8\" \/><\/figure><\/div><div class=\"swiper-slide\" role=\"group\" aria-roledescription=\"slide\" aria-label=\"38 de 40\"><figure class=\"swiper-slide-inner\"><img decoding=\"async\" class=\"swiper-slide-image\" src=\"https:\/\/remodelingexperts.org\/wp-content\/uploads\/2025\/02\/image12-225x300.jpeg\" alt=\"image12\" \/><\/figure><\/div><div class=\"swiper-slide\" role=\"group\" aria-roledescription=\"slide\" aria-label=\"39 de 40\"><figure class=\"swiper-slide-inner\"><img decoding=\"async\" class=\"swiper-slide-image\" src=\"https:\/\/remodelingexperts.org\/wp-content\/uploads\/2025\/02\/image11-225x300.jpeg\" alt=\"image11\" \/><\/figure><\/div><div class=\"swiper-slide\" role=\"group\" aria-roledescription=\"slide\" aria-label=\"40 de 40\"><figure class=\"swiper-slide-inner\"><img decoding=\"async\" class=\"swiper-slide-image\" src=\"https:\/\/remodelingexperts.org\/wp-content\/uploads\/2025\/02\/image10-225x300.jpeg\" alt=\"image10\" \/><\/figure><\/div>\t\t\t<\/div>\n\t\t\t\t\t\t\t\t\t\t\t\t<div class=\"elementor-swiper-button elementor-swiper-button-prev\" role=\"button\" tabindex=\"0\">\n\t\t\t\t\t\t<svg aria-hidden=\"true\" class=\"e-font-icon-svg e-eicon-chevron-left\" viewbox=\"0 0 1000 1000\" xmlns=\"http:\/\/www.w3.org\/2000\/svg\"><path d=\"M646 125C629 125 613 133 604 142L308 442C296 454 292 471 292 487 292 504 296 521 308 533L604 854C617 867 629 875 646 875 663 875 679 871 692 858 704 846 713 829 713 812 713 796 708 779 692 767L438 487 692 225C700 217 708 204 708 187 708 171 704 154 692 142 675 129 663 125 646 125Z\"><\/path><\/svg>\t\t\t\t\t<\/div>\n\t\t\t\t\t<div class=\"elementor-swiper-button elementor-swiper-button-next\" role=\"button\" tabindex=\"0\">\n\t\t\t\t\t\t<svg aria-hidden=\"true\" class=\"e-font-icon-svg e-eicon-chevron-right\" viewbox=\"0 0 1000 1000\" xmlns=\"http:\/\/www.w3.org\/2000\/svg\"><path d=\"M696 533C708 521 713 504 713 487 713 471 708 454 696 446L400 146C388 133 375 125 354 125 338 125 325 129 313 142 300 154 292 171 292 187 292 204 296 221 308 233L563 492 304 771C292 783 288 800 288 817 288 833 296 850 308 863 321 871 338 875 354 875 371 875 388 867 400 854L696 533Z\"><\/path><\/svg>\t\t\t\t\t<\/div>\n\t\t\t\t\n\t\t\t\t\t\t\t\t\t<\/div>\n\t\t\t\t\t\t<\/div>\n\t\t\t\t<\/div>\n\t\t\t\t\t<\/div>\n\t\t\t\t<\/div>\n\t\t\t\t<\/div>","protected":false},"excerpt":{"rendered":"<p>Renovation Services Cosmetic improvements, structural repair, updating systems, adding or removing space, exterior improvements, we&#8217;ll improve your home&#8217;s structure, layout or design to make it more functional. Interior &amp; Exterior Renovations For Residential &amp; Commercial Properties Remodeling Experts is a top provider of exterior &amp; interior home renovation services in Orlando, offering a diverse range<a class=\"more-link\" href=\"https:\/\/remodelingexperts.org\/es\/renovation\/\">Read more<\/a><\/p>","protected":false},"author":1,"featured_media":0,"parent":0,"menu_order":0,"comment_status":"closed","ping_status":"closed","template":"elementor_canvas","meta":{"footnotes":""},"class_list":["post-51","page","type-page","status-publish","hentry"],"_links":{"self":[{"href":"https:\/\/remodelingexperts.org\/es\/wp-json\/wp\/v2\/pages\/51","targetHints":{"allow":["GET"]}}],"collection":[{"href":"https:\/\/remodelingexperts.org\/es\/wp-json\/wp\/v2\/pages"}],"about":[{"href":"https:\/\/remodelingexperts.org\/es\/wp-json\/wp\/v2\/types\/page"}],"author":[{"embeddable":true,"href":"https:\/\/remodelingexperts.org\/es\/wp-json\/wp\/v2\/users\/1"}],"replies":[{"embeddable":true,"href":"https:\/\/remodelingexperts.org\/es\/wp-json\/wp\/v2\/comments?post=51"}],"version-history":[{"count":13,"href":"https:\/\/remodelingexperts.org\/es\/wp-json\/wp\/v2\/pages\/51\/revisions"}],"predecessor-version":[{"id":696,"href":"https:\/\/remodelingexperts.org\/es\/wp-json\/wp\/v2\/pages\/51\/revisions\/696"}],"wp:attachment":[{"href":"https:\/\/remodelingexperts.org\/es\/wp-json\/wp\/v2\/media?parent=51"}],"curies":[{"name":"wp","href":"https:\/\/api.w.org\/{rel}","templated":true}]}}