{"id":50,"date":"2024-10-24T13:08:08","date_gmt":"2024-10-24T13:08:08","guid":{"rendered":"https:\/\/remodelingexperts.org\/?page_id=50"},"modified":"2024-10-29T12:39:40","modified_gmt":"2024-10-29T12:39:40","slug":"painting","status":"publish","type":"page","link":"https:\/\/remodelingexperts.org\/es\/painting\/","title":{"rendered":"PINTURA"},"content":{"rendered":"<div data-elementor-type=\"wp-page\" data-elementor-id=\"50\" class=\"elementor elementor-50\">\n\t\t\t\t<div class=\"elementor-element elementor-element-254622b e-flex e-con-boxed e-con e-parent\" data-id=\"254622b\" data-element_type=\"container\" data-settings=\"{&quot;background_background&quot;:&quot;classic&quot;}\">\n\t\t\t\t\t<div class=\"e-con-inner\">\n\t\t\t\t<div class=\"elementor-element elementor-element-83e4dbf elementor-widget elementor-widget-heading\" data-id=\"83e4dbf\" data-element_type=\"widget\" data-widget_type=\"heading.default\">\n\t\t\t\t<div class=\"elementor-widget-container\">\n\t\t\t\t\t<h2 class=\"elementor-heading-title elementor-size-default\">Servicios De Pintura Locales<\/h2>\t\t\t\t<\/div>\n\t\t\t\t<\/div>\n\t\t\t\t<div class=\"elementor-element elementor-element-f344b44 elementor-widget elementor-widget-heading\" data-id=\"f344b44\" data-element_type=\"widget\" data-widget_type=\"heading.default\">\n\t\t\t\t<div class=\"elementor-widget-container\">\n\t\t\t\t\t<div class=\"elementor-heading-title elementor-size-default\">(Exterior, interior, reparaci\u00f3n de paneles de yeso, pintura de gabinetes, remoci\u00f3n de papel tapiz, pintura de estuco)<br>We want to enhance the appearance of space, make it more comfortable, and protect the walls from damage.<\/div>\t\t\t\t<\/div>\n\t\t\t\t<\/div>\n\t\t\t\t\t<\/div>\n\t\t\t\t<\/div>\n\t\t<div class=\"elementor-element elementor-element-b096263 e-flex e-con-boxed e-con e-parent\" data-id=\"b096263\" data-element_type=\"container\">\n\t\t\t\t\t<div class=\"e-con-inner\">\n\t\t<div class=\"elementor-element elementor-element-670b5a7 e-con-full e-flex e-con e-child\" data-id=\"670b5a7\" data-element_type=\"container\">\n\t\t\t\t<div class=\"elementor-element elementor-element-58297ad elementor-widget elementor-widget-heading\" data-id=\"58297ad\" data-element_type=\"widget\" data-widget_type=\"heading.default\">\n\t\t\t\t<div class=\"elementor-widget-container\">\n\t\t\t\t\t<h3 class=\"elementor-heading-title elementor-size-default\">OFRECEMOS VARIEDADES DE SERVICIOS PARA SATISFACER TODAS SUS NECESIDADES.<\/h3>\t\t\t\t<\/div>\n\t\t\t\t<\/div>\n\t\t\t\t<\/div>\n\t\t<div class=\"elementor-element elementor-element-438d652 e-con-full e-flex e-con e-child\" data-id=\"438d652\" data-element_type=\"container\">\n\t\t\t\t<div class=\"elementor-element elementor-element-5cdc2a0 elementor-widget elementor-widget-text-editor\" data-id=\"5cdc2a0\" data-element_type=\"widget\" data-widget_type=\"text-editor.default\">\n\t\t\t\t<div class=\"elementor-widget-container\">\n\t\t\t\t\t\t\t\t\t<p>Pintar su casa, ya sea por dentro o por fuera, es una forma eficaz de aumentar su valor y su atractivo exterior, estamos orgullosos de ofrecer algunos de los mejores servicios de pintura de casas en Orlando.<\/p><p>Nuestros profesionales experimentados se encargan de cada paso, desde la preparaci\u00f3n de la superficie hasta los detalles mas pequenos, lo que garantiza un acabado impecable logrado\nsolo a trav\u00e9s de a\u00f1os de experiencia pr\u00e1ctica. Utilizando materiales de alta calidad, preparamos\nmeticulosamente cada superficie para garantizar una belleza duradera para su hogar.<\/p><p>Nuestro proceso de limpieza dejar\u00e1 su espacio con un aspecto fresco e impecable. En\nRemodeling Experts, comprendemos los costos involucrados y ofrecemos cotizaciones justas y\ncompetitivas para nuestros servicios.<\/p>\t\t\t\t\t\t\t\t<\/div>\n\t\t\t\t<\/div>\n\t\t\t\t<\/div>\n\t\t\t\t\t<\/div>\n\t\t\t\t<\/div>\n\t\t<div class=\"elementor-element elementor-element-3d3effe e-flex e-con-boxed e-con e-parent\" data-id=\"3d3effe\" data-element_type=\"container\">\n\t\t\t\t\t<div class=\"e-con-inner\">\n\t\t\t\t<div class=\"elementor-element elementor-element-dd3b349 elementor-arrows-position-inside elementor-pagination-position-outside elementor-widget elementor-widget-image-carousel\" data-id=\"dd3b349\" data-element_type=\"widget\" data-settings=\"{&quot;slides_to_show&quot;:&quot;3&quot;,&quot;slides_to_scroll&quot;:&quot;1&quot;,&quot;navigation&quot;:&quot;both&quot;,&quot;autoplay&quot;:&quot;yes&quot;,&quot;pause_on_hover&quot;:&quot;yes&quot;,&quot;pause_on_interaction&quot;:&quot;yes&quot;,&quot;autoplay_speed&quot;:5000,&quot;infinite&quot;:&quot;yes&quot;,&quot;speed&quot;:500}\" data-widget_type=\"image-carousel.default\">\n\t\t\t\t<div class=\"elementor-widget-container\">\n\t\t\t\t\t\t\t<div class=\"elementor-image-carousel-wrapper swiper\" role=\"region\" aria-roledescription=\"carousel\" aria-label=\"Carrusel de im\u00e1genes\" dir=\"ltr\">\n\t\t\t<div class=\"elementor-image-carousel swiper-wrapper\" aria-live=\"off\">\n\t\t\t\t\t\t\t\t<div class=\"swiper-slide\" role=\"group\" aria-roledescription=\"slide\" aria-label=\"1 de 11\"><figure class=\"swiper-slide-inner\"><img decoding=\"async\" class=\"swiper-slide-image\" src=\"https:\/\/remodelingexperts.org\/wp-content\/uploads\/2024\/10\/home-painting1-300x225.jpg\" alt=\"home painting1\" \/><\/figure><\/div><div class=\"swiper-slide\" role=\"group\" aria-roledescription=\"slide\" aria-label=\"2 de 11\"><figure class=\"swiper-slide-inner\"><img decoding=\"async\" class=\"swiper-slide-image\" src=\"https:\/\/remodelingexperts.org\/wp-content\/uploads\/2024\/10\/home-painting3-300x225.jpg\" alt=\"home painting3\" \/><\/figure><\/div><div class=\"swiper-slide\" role=\"group\" aria-roledescription=\"slide\" aria-label=\"3 de 11\"><figure class=\"swiper-slide-inner\"><img decoding=\"async\" class=\"swiper-slide-image\" src=\"https:\/\/remodelingexperts.org\/wp-content\/uploads\/2024\/10\/home-painting-300x225.jpg\" alt=\"home painting\" \/><\/figure><\/div><div class=\"swiper-slide\" role=\"group\" aria-roledescription=\"slide\" aria-label=\"4 de 11\"><figure class=\"swiper-slide-inner\"><img decoding=\"async\" class=\"swiper-slide-image\" src=\"https:\/\/remodelingexperts.org\/wp-content\/uploads\/2024\/10\/home-painting2-300x225.jpg\" alt=\"home painting2\" \/><\/figure><\/div><div class=\"swiper-slide\" role=\"group\" aria-roledescription=\"slide\" aria-label=\"5 de 11\"><figure class=\"swiper-slide-inner\"><img decoding=\"async\" class=\"swiper-slide-image\" src=\"https:\/\/remodelingexperts.org\/wp-content\/uploads\/2024\/10\/home-painting4-300x225.jpg\" alt=\"home painting4\" \/><\/figure><\/div><div class=\"swiper-slide\" role=\"group\" aria-roledescription=\"slide\" aria-label=\"6 de 11\"><figure class=\"swiper-slide-inner\"><img decoding=\"async\" class=\"swiper-slide-image\" src=\"https:\/\/remodelingexperts.org\/wp-content\/uploads\/2024\/10\/home-painting6-300x225.jpg\" alt=\"home painting6\" \/><\/figure><\/div><div class=\"swiper-slide\" role=\"group\" aria-roledescription=\"slide\" aria-label=\"7 de 11\"><figure class=\"swiper-slide-inner\"><img decoding=\"async\" class=\"swiper-slide-image\" src=\"https:\/\/remodelingexperts.org\/wp-content\/uploads\/2024\/10\/house-painting-300x225.jpg\" alt=\"house painting\" \/><\/figure><\/div><div class=\"swiper-slide\" role=\"group\" aria-roledescription=\"slide\" aria-label=\"8 de 11\"><figure class=\"swiper-slide-inner\"><img decoding=\"async\" class=\"swiper-slide-image\" src=\"https:\/\/remodelingexperts.org\/wp-content\/uploads\/2024\/10\/house-painting1-300x225.jpg\" alt=\"house painting1\" \/><\/figure><\/div><div class=\"swiper-slide\" role=\"group\" aria-roledescription=\"slide\" aria-label=\"9 de 11\"><figure class=\"swiper-slide-inner\"><img decoding=\"async\" class=\"swiper-slide-image\" src=\"https:\/\/remodelingexperts.org\/wp-content\/uploads\/2024\/10\/house-painting2-300x225.jpg\" alt=\"house painting2\" \/><\/figure><\/div><div class=\"swiper-slide\" role=\"group\" aria-roledescription=\"slide\" aria-label=\"10 de 11\"><figure class=\"swiper-slide-inner\"><img decoding=\"async\" class=\"swiper-slide-image\" src=\"https:\/\/remodelingexperts.org\/wp-content\/uploads\/2024\/10\/house-painting3-300x225.jpg\" alt=\"house painting3\" \/><\/figure><\/div><div class=\"swiper-slide\" role=\"group\" aria-roledescription=\"slide\" aria-label=\"11 de 11\"><figure class=\"swiper-slide-inner\"><img decoding=\"async\" class=\"swiper-slide-image\" src=\"https:\/\/remodelingexperts.org\/wp-content\/uploads\/2024\/10\/home-painting5-225x300.jpg\" alt=\"home painting5\" \/><\/figure><\/div>\t\t\t<\/div>\n\t\t\t\t\t\t\t\t\t\t\t\t<div class=\"elementor-swiper-button elementor-swiper-button-prev\" role=\"button\" tabindex=\"0\">\n\t\t\t\t\t\t<svg aria-hidden=\"true\" class=\"e-font-icon-svg e-eicon-chevron-left\" viewbox=\"0 0 1000 1000\" xmlns=\"http:\/\/www.w3.org\/2000\/svg\"><path d=\"M646 125C629 125 613 133 604 142L308 442C296 454 292 471 292 487 292 504 296 521 308 533L604 854C617 867 629 875 646 875 663 875 679 871 692 858 704 846 713 829 713 812 713 796 708 779 692 767L438 487 692 225C700 217 708 204 708 187 708 171 704 154 692 142 675 129 663 125 646 125Z\"><\/path><\/svg>\t\t\t\t\t<\/div>\n\t\t\t\t\t<div class=\"elementor-swiper-button elementor-swiper-button-next\" role=\"button\" tabindex=\"0\">\n\t\t\t\t\t\t<svg aria-hidden=\"true\" class=\"e-font-icon-svg e-eicon-chevron-right\" viewbox=\"0 0 1000 1000\" xmlns=\"http:\/\/www.w3.org\/2000\/svg\"><path d=\"M696 533C708 521 713 504 713 487 713 471 708 454 696 446L400 146C388 133 375 125 354 125 338 125 325 129 313 142 300 154 292 171 292 187 292 204 296 221 308 233L563 492 304 771C292 783 288 800 288 817 288 833 296 850 308 863 321 871 338 875 354 875 371 875 388 867 400 854L696 533Z\"><\/path><\/svg>\t\t\t\t\t<\/div>\n\t\t\t\t\n\t\t\t\t\t\t\t\t\t<div class=\"swiper-pagination\"><\/div>\n\t\t\t\t\t\t\t\t\t<\/div>\n\t\t\t\t\t\t<\/div>\n\t\t\t\t<\/div>\n\t\t\t\t\t<\/div>\n\t\t\t\t<\/div>\n\t\t\t\t<\/div>","protected":false},"excerpt":{"rendered":"<p>Local Painting Services (Exterior, interior, drywall repair, cabinet painting, wallpaper removal, stucco painting)We want to enhance the appearance of space, make it more comfortable, and protect the walls from damage. We provide a full range of services to suit all your needs. Painting your home\u2014whether inside or out\u2014is an effective way to boost its value<a class=\"more-link\" href=\"https:\/\/remodelingexperts.org\/es\/painting\/\">Read more<\/a><\/p>","protected":false},"author":1,"featured_media":0,"parent":0,"menu_order":0,"comment_status":"closed","ping_status":"closed","template":"elementor_canvas","meta":{"footnotes":""},"class_list":["post-50","page","type-page","status-publish","hentry"],"_links":{"self":[{"href":"https:\/\/remodelingexperts.org\/es\/wp-json\/wp\/v2\/pages\/50","targetHints":{"allow":["GET"]}}],"collection":[{"href":"https:\/\/remodelingexperts.org\/es\/wp-json\/wp\/v2\/pages"}],"about":[{"href":"https:\/\/remodelingexperts.org\/es\/wp-json\/wp\/v2\/types\/page"}],"author":[{"embeddable":true,"href":"https:\/\/remodelingexperts.org\/es\/wp-json\/wp\/v2\/users\/1"}],"replies":[{"embeddable":true,"href":"https:\/\/remodelingexperts.org\/es\/wp-json\/wp\/v2\/comments?post=50"}],"version-history":[{"count":16,"href":"https:\/\/remodelingexperts.org\/es\/wp-json\/wp\/v2\/pages\/50\/revisions"}],"predecessor-version":[{"id":472,"href":"https:\/\/remodelingexperts.org\/es\/wp-json\/wp\/v2\/pages\/50\/revisions\/472"}],"wp:attachment":[{"href":"https:\/\/remodelingexperts.org\/es\/wp-json\/wp\/v2\/media?parent=50"}],"curies":[{"name":"wp","href":"https:\/\/api.w.org\/{rel}","templated":true}]}}